{"id":1973,"date":"2021-10-06T13:35:55","date_gmt":"2021-10-06T13:35:55","guid":{"rendered":"https:\/\/greenwork.sk\/referencie\/"},"modified":"2021-10-18T12:34:00","modified_gmt":"2021-10-18T12:34:00","slug":"referencie","status":"publish","type":"page","link":"https:\/\/greenwork.sk\/en\/referencie\/","title":{"rendered":"References"},"content":{"rendered":"<p>[vc_row][vc_column][vc_column_text]We always hand over only perfectly cleared land to you. Take a look at our reference works.[\/vc_column_text][vc_empty_space][vc_gallery type=&#8221;image_grid&#8221; images=&#8221;1843,1844,1845,1853&#8243; img_size=&#8221;medium&#8221; title=&#8221;\u010cistenie pozemku &#8211; obec M\u00fdtne Ludany&#8221;][vc_message]Parcela o v\u00fdmere 1200 m2, na ktorej bolo preva\u017ene kr\u00ed\u010die a zop\u00e1r star\u0161\u00edch ovocn\u00fdch stromov o priemere 15 &#8211; 20 cm, ktor\u00e9 u\u017e nerodili plody. T\u00e1to pr\u00e1ca n\u00e1m trvala hodinu a p\u00f3l.[\/vc_message]\n<div class=\"custom_button style-1\" style='text-align: center; float: none;'>\n   <a href=\"https:\/\/greenwork.sk\/kontakt\/\" class=\"themebtn \" style='background-color: #eaa140;    font-weight: 600; color: #ffffff; text-transform: uppercase; display: inline-block; line-height: 60px; width: 250px; height: 60px;  border-radius: 50px; margin: 30px 0px 0px; '>\n   Chcem cenov\u00fa ponuku\n   <\/a>\t\n<\/div>\n[vc_empty_space][vc_empty_space][vc_gallery type=&#8221;image_grid&#8221; images=&#8221;1864,1865,1866,1867,1870,1868,1869&#8243; img_size=&#8221;medium&#8221; title=&#8221;\u010cistenie pozemku &#8211; obec Potvorice&#8221;]\n<div class=\"custom_button style-1\" style='text-align: center; float: none;'>\n   <a href=\"https:\/\/greenwork.sk\/kontakt\/\" class=\"themebtn \" style='background-color: #eaa140;    font-weight: 600; color: #ffffff; text-transform: uppercase; display: inline-block; line-height: 60px; width: 250px; height: 60px;  border-radius: 50px; margin: 30px 0px 0px; '>\n   Chcem cenov\u00fa ponuku\n   <\/a>\t\n<\/div>\n[vc_empty_space][vc_empty_space][vc_gallery type=&#8221;image_grid&#8221; images=&#8221;1875,1876,1877,1878&#8243; img_size=&#8221;medium&#8221; title=&#8221;\u010cistenie pozemku vo svahu &#8211; obec Mal\u00e9 Ludince&#8221;]\n<div class=\"custom_button style-1\" style='text-align: center; float: none;'>\n   <a href=\"https:\/\/greenwork.sk\/kontakt\/\" class=\"themebtn \" style='background-color: #eaa140;    font-weight: 600; color: #ffffff; text-transform: uppercase; display: inline-block; line-height: 60px; width: 250px; height: 60px;  border-radius: 50px; margin: 30px 0px 0px; '>\n   Chcem cenov\u00fa ponuku\n   <\/a>\t\n<\/div>\n[vc_empty_space][vc_empty_space][vc_gallery type=&#8221;image_grid&#8221; images=&#8221;1884,1885,1886,1887,1888&#8243; img_size=&#8221;medium&#8221; title=&#8221;Mul\u010dovanie vysok\u00e9ho porastu na pozemku &#8211; obec Nov\u00fd Tekov&#8221;]\n<div class=\"custom_button style-1\" style='text-align: center; float: none;'>\n   <a href=\"https:\/\/greenwork.sk\/kontakt\/\" class=\"themebtn \" style='background-color: #eaa140;    font-weight: 600; color: #ffffff; text-transform: uppercase; display: inline-block; line-height: 60px; width: 250px; height: 60px;  border-radius: 50px; margin: 30px 0px 0px; '>\n   Chcem cenov\u00fa ponuku\n   <\/a>\t\n<\/div>\n[vc_empty_space][vc_empty_space][vc_gallery type=&#8221;image_grid&#8221; images=&#8221;1891,1892,1893,1894,1895,1896,1897,1898&#8243; img_size=&#8221;medium&#8221; title=&#8221;\u010cistenie pozemku vo svahu &#8211; Bratislava, Koliba&#8221;]\n<div class=\"custom_button style-1\" style='text-align: center; float: none;'>\n   <a href=\"https:\/\/greenwork.sk\/kontakt\/\" class=\"themebtn \" style='background-color: #eaa140;    font-weight: 600; color: #ffffff; text-transform: uppercase; display: inline-block; line-height: 60px; width: 250px; height: 60px;  border-radius: 50px; margin: 30px 0px 0px; '>\n   Chcem cenov\u00fa ponuku\n   <\/a>\t\n<\/div>\n[vc_empty_space][vc_empty_space][vc_gallery type=&#8221;image_grid&#8221; images=&#8221;1901,1902,1903,1904,1905,1906&#8243; img_size=&#8221;medium&#8221; title=&#8221;\u010cistenie parcely ur\u010denej na podnikate\u013esk\u00e9 \u00fa\u010dely &#8211; \u0160t\u00farovo&#8221;]\n<div class=\"custom_button style-1\" style='text-align: center; float: none;'>\n   <a href=\"https:\/\/greenwork.sk\/kontakt\/\" class=\"themebtn \" style='background-color: #eaa140;    font-weight: 600; color: #ffffff; text-transform: uppercase; display: inline-block; line-height: 60px; width: 250px; height: 60px;  border-radius: 50px; margin: 30px 0px 0px; '>\n   Chcem cenov\u00fa ponuku\n   <\/a>\t\n<\/div>\n[vc_empty_space][vc_empty_space][vc_gallery type=&#8221;image_grid&#8221; images=&#8221;1908,1909,1910,1911&#8243; img_size=&#8221;medium&#8221; title=&#8221;\u010cistenie zarastenej z\u00e1hrady &#8211; obec Obid&#8221;][\/vc_column][vc_column][\/vc_column][\/vc_row]<\/p>\n","protected":false},"excerpt":{"rendered":"<p>[vc_row][vc_column][vc_column_text]We always hand over only perfectly cleared land to you. Take a look at our reference works.[\/vc_column_text][vc_empty_space][vc_gallery type=&#8221;image_grid&#8221; images=&#8221;1843,1844,1845,1853&#8243; img_size=&#8221;medium&#8221; title=&#8221;\u010cistenie pozemku &#8211; obec M\u00fdtne Ludany&#8221;][vc_message]Parcela o v\u00fdmere 1200 m2, na ktorej bolo preva\u017ene kr\u00ed\u010die a zop\u00e1r star\u0161\u00edch ovocn\u00fdch stromov o priemere 15 &#8211; 20 cm, ktor\u00e9 u\u017e nerodili plody. T\u00e1to pr\u00e1ca n\u00e1m trvala hodinu a p\u00f3l.[\/vc_message][vc_empty_space][vc_empty_space][vc_gallery type=&#8221;image_grid&#8221; images=&#8221;1864,1865,1866,1867,1870,1868,1869&#8243; img_size=&#8221;medium&#8221;&hellip;<\/p>\n","protected":false},"author":2,"featured_media":0,"parent":0,"menu_order":0,"comment_status":"closed","ping_status":"closed","template":"","meta":[],"_links":{"self":[{"href":"https:\/\/greenwork.sk\/en\/wp-json\/wp\/v2\/pages\/1973"}],"collection":[{"href":"https:\/\/greenwork.sk\/en\/wp-json\/wp\/v2\/pages"}],"about":[{"href":"https:\/\/greenwork.sk\/en\/wp-json\/wp\/v2\/types\/page"}],"author":[{"embeddable":true,"href":"https:\/\/greenwork.sk\/en\/wp-json\/wp\/v2\/users\/2"}],"replies":[{"embeddable":true,"href":"https:\/\/greenwork.sk\/en\/wp-json\/wp\/v2\/comments?post=1973"}],"version-history":[{"count":2,"href":"https:\/\/greenwork.sk\/en\/wp-json\/wp\/v2\/pages\/1973\/revisions"}],"predecessor-version":[{"id":2208,"href":"https:\/\/greenwork.sk\/en\/wp-json\/wp\/v2\/pages\/1973\/revisions\/2208"}],"wp:attachment":[{"href":"https:\/\/greenwork.sk\/en\/wp-json\/wp\/v2\/media?parent=1973"}],"curies":[{"name":"wp","href":"https:\/\/api.w.org\/{rel}","templated":true}]}}