{"id":1975,"date":"2021-10-06T13:18:38","date_gmt":"2021-10-06T13:18:38","guid":{"rendered":"https:\/\/greenwork.sk\/preco-si-vybrat-nas\/"},"modified":"2021-10-06T13:18:38","modified_gmt":"2021-10-06T13:18:38","slug":"preco-si-vybrat-nas","status":"publish","type":"page","link":"https:\/\/greenwork.sk\/en\/preco-si-vybrat-nas\/","title":{"rendered":"Pre\u010do si vybra\u0165 n\u00e1s"},"content":{"rendered":"<p>[vc_row css=&#8221;.vc_custom_1633086712348{padding-top: 70px !important;padding-right: 15px !important;padding-bottom: 70px !important;padding-left: 15px !important;background-image: url(https:\/\/greenwork.sk\/wp-content\/uploads\/2021\/10\/service-02-bg-1.jpg?id=1718) !important;background-position: center !important;background-repeat: no-repeat !important;background-size: cover !important;}&#8221;][vc_column]  \t\n<section class=\"feature_all fe_box\">\n   <div class=\"feature_all_inner clearfix\">\n      <div class=\"row\">\n         <div  class=\"col-lg-12\">\n            <div class=\"simple_text\">\n               <h3 style='color: #39684c;'>Pre\u010do si vybra\u0165 n\u00e1s<\/h3>\n            <\/div>\n         <\/div>\n      <\/div>\n      \n      <div class=\"feature_inner type_three\">\n         <span class=\"icon icon-plant\" style=''><\/span>\n         <h2><a href=\"\" style='color: #39684c;'>Ekologickos\u0165 <\/a><\/h2>\n         <p style=''>Stroj Green Climber LV600 je vybaven\u00fd tzv. DPF filtrom, ktor\u00fd automaticky odstra\u0148uje karcinog\u00e9nne a ve\u013emi jemn\u00e9 prachov\u00e9 \u010dastice z v\u00fdfukov\u00fdch plynov vozidiel, \u010do pom\u00e1ha zni\u017eova\u0165 \u00farove\u0148 emisi\u00ed. Z\u00e1rove\u0148 sa jeho hmotnos\u0165 efekt\u00edvne rozlo\u017e\u00ed na jeho p\u00e1soch, \u010d\u00edm sa nezhut\u0148uje p\u00f4da a nezar\u00fdva sa tak priamo do zeme. Uhl\u00edk naviazan\u00fd v n\u00e1letov\u00fdch drevin\u00e1ch sa po zmul\u010dovan\u00ed vracia sp\u00e4\u0165 do p\u00f4dy priamo na mieste.\n<\/p>\n      <\/div>\n      \n      <div class=\"feature_inner type_three\">\n         <span class=\"icon icon-hours-1\" style=''><\/span>\n         <h2><a href=\"\" style='color: #39684c;'>R\u00fdchlos\u0165 <\/a><\/h2>\n         <p style=''>Stroj operuje r\u00fdchlo, efekt\u00edvne a prec\u00edzne, \u010d\u00edm \u0161etr\u00ed \u010das pri \u010disten\u00ed ve\u013ekorozmern\u00fdch pl\u00f4ch. Jeho produktivita a r\u00fdchlos\u0165 pr\u00e1ce vykazuje a\u017e 2000 m\u00b2 a 9 km za hodinu. \n<\/p>\n      <\/div>\n      \n      <div class=\"feature_inner type_three\">\n         <span class=\"icon icon-discount\" style=''><\/span>\n         <h2><a href=\"\" style='color: #39684c;'>\u00daspora <\/a><\/h2>\n         <p style=''>Green Climber LV600 u\u0161etr\u00ed pr\u00e1cu a\u017e 10 \u013eud\u00ed, \u010do je a\u017e 20 % \u00faspora z ceny v porovnan\u00ed s manu\u00e1lnou \u010dinnos\u0165ou. Navy\u0161e funguje na dia\u013ekov\u00e9 ovl\u00e1danie v dosahu a\u017e 300 m, tak\u017ee nepotrebujete \u0161pecializovan\u00e9ho pracovn\u00edka na obsluhu v kab\u00edne. \n<\/p>\n      <\/div>\n      \n      <div class=\"feature_inner type_three\">\n         <span class=\"icon icon-guarantee1\" style=''><\/span>\n         <h2><a href=\"\" style='color: #39684c;'>Maxim\u00e1lna bezpe\u010dnos\u0165<\/a><\/h2>\n         <p style=''>Zabudnite na rizikov\u00e9 \u010dinnosti s motorovou p\u00edlou \u010di man\u00e9vre v prudk\u00fdch a strm\u00fdch svahoch s kosa\u010dkou. S na\u0161\u00edm strojom neriskuje svoje zdravie nikto, v\u0161etko prebieha v bezpe\u010dnej vzdialenosti a v\u0161etko obstar\u00e1 jeho flexibiln\u00fd p\u00e1sov\u00fd syst\u00e9m, ktor\u00fd sa prisp\u00f4sob\u00ed aj tomu najn\u00e1ro\u010dnej\u0161iemu ter\u00e9nu, ktor\u00fd zvl\u00e1dne svahov\u00fa dostupnos\u0165 a\u017e 60\u00ba. \n<\/p>\n      <\/div>\n      \n      <div class=\"feature_inner type_three\">\n         <span class=\"icon icon-leaf-2\" style=''><\/span>\n         <h2><a href=\"\" style='color: #39684c;'>Bez zbyto\u010dn\u00e9ho odpadu <\/a><\/h2>\n         <p style=''>Po \u010disten\u00ed strojom Green Climber LV600 nevznik\u00e1 \u017eiadny zbyto\u010dn\u00fd odpadov\u00fd materi\u00e1l, ktor\u00fd by ste museli niekde pr\u00e1cne vyv\u00e1\u017ea\u0165. Dreviny i tr\u00e1vu toti\u017e drv\u00ed a ni\u010d\u00ed priamo na mieste, tak\u017ee ich \u010fal\u0161ie spracovanie u\u017e nie je nutn\u00e9. \n<\/p>\n      <\/div>\n      \n   <\/div>\n<\/section>\n[vc_empty_space]\n<div class=\"custom_button style-1\" style='text-align: center; float: none;'>\n   <a href=\"https:\/\/greenwork.sk\" class=\"themebtn \" style='background-color: #eaa140;    font-weight: 600; color: #ffffff; text-transform: uppercase; display: inline-block; line-height: 60px; width: 600px; height: 60px;  border-radius: 50px; margin: 30px 0px 0px; '>\n   Sp\u00e4\u0165 na \u00favodn\u00fa str\u00e1nku\n   <\/a>\t\n<\/div>\n[\/vc_column][\/vc_row]<\/p>\n","protected":false},"excerpt":{"rendered":"<p>[vc_row css=&#8221;.vc_custom_1633086712348{padding-top: 70px !important;padding-right: 15px !important;padding-bottom: 70px !important;padding-left: 15px !important;background-image: url(https:\/\/greenwork.sk\/wp-content\/uploads\/2021\/10\/service-02-bg-1.jpg?id=1718) !important;background-position: center !important;background-repeat: no-repeat !important;background-size: cover !important;}&#8221;][vc_column][vc_empty_space][\/vc_column][\/vc_row]<\/p>\n","protected":false},"author":2,"featured_media":0,"parent":0,"menu_order":0,"comment_status":"closed","ping_status":"closed","template":"template-fullwidth.php","meta":[],"_links":{"self":[{"href":"https:\/\/greenwork.sk\/en\/wp-json\/wp\/v2\/pages\/1975"}],"collection":[{"href":"https:\/\/greenwork.sk\/en\/wp-json\/wp\/v2\/pages"}],"about":[{"href":"https:\/\/greenwork.sk\/en\/wp-json\/wp\/v2\/types\/page"}],"author":[{"embeddable":true,"href":"https:\/\/greenwork.sk\/en\/wp-json\/wp\/v2\/users\/2"}],"replies":[{"embeddable":true,"href":"https:\/\/greenwork.sk\/en\/wp-json\/wp\/v2\/comments?post=1975"}],"version-history":[{"count":0,"href":"https:\/\/greenwork.sk\/en\/wp-json\/wp\/v2\/pages\/1975\/revisions"}],"wp:attachment":[{"href":"https:\/\/greenwork.sk\/en\/wp-json\/wp\/v2\/media?parent=1975"}],"curies":[{"name":"wp","href":"https:\/\/api.w.org\/{rel}","templated":true}]}}