{"id":1976,"date":"2021-09-08T01:34:02","date_gmt":"2021-09-08T01:34:02","guid":{"rendered":"https:\/\/greenwork.sk\/kontakt\/"},"modified":"2021-10-19T06:41:34","modified_gmt":"2021-10-19T06:41:34","slug":"kontakt","status":"publish","type":"page","link":"https:\/\/greenwork.sk\/en\/kontakt\/","title":{"rendered":"Contact"},"content":{"rendered":"<p>[vc_row css=&#8221;.vc_custom_1633086662229{margin-top: 0px !important;padding-top: 50px !important;padding-right: 15px !important;padding-bottom: 50px !important;padding-left: 15px !important;background-image: url(https:\/\/greenwork.sk\/wp-content\/uploads\/2021\/10\/service-02-bg-1.jpg?id=1718) !important;}&#8221;][vc_column]\n<div class=\"section-title\">\n   <div class=\"row\">\n      <div class=\"col-lg-12\">\n         <div class=\"heading type_two\"  style='padding: 0px 0px 0px 0px ; margin-bottom: 30px; '>\n            <h2 class=\"title_main \" style=\" \">\n               Notice\n            <\/h2>\n            <h1 class=\"title_sub \" style=\" \">Non-binding Offer<\/h1>\n            <p><\/p>\n         <\/div>\n      <\/div>\n   <\/div>\n<\/div>\n[vc_column_text css=&#8221;.vc_custom_1634560556528{margin-bottom: 32px !important;}&#8221;]We are pleased that you have expressed an interest in our services. We would like to inform you that we determine the price offer only on the basis of a completed personal inspection of the building \/ land \/ area. The amount of the price is affected by the size and complexity of the terrain, the density of the vegetation, or other external factors.[\/vc_column_text]<div role=\"form\" class=\"wpcf7\" id=\"wpcf7-f2214-o1\" lang=\"en-US\" dir=\"ltr\">\n<div class=\"screen-reader-response\"><p role=\"status\" aria-live=\"polite\" aria-atomic=\"true\"><\/p> <ul><\/ul><\/div>\n<form action=\"\/en\/wp-json\/wp\/v2\/pages\/1976#wpcf7-f2214-o1\" method=\"post\" class=\"wpcf7-form init\" novalidate=\"novalidate\" data-status=\"init\">\n<div style=\"display: none;\">\n<input type=\"hidden\" name=\"_wpcf7\" value=\"2214\" \/>\n<input type=\"hidden\" name=\"_wpcf7_version\" value=\"5.6.2\" \/>\n<input type=\"hidden\" name=\"_wpcf7_locale\" value=\"en_US\" \/>\n<input type=\"hidden\" name=\"_wpcf7_unit_tag\" value=\"wpcf7-f2214-o1\" \/>\n<input type=\"hidden\" name=\"_wpcf7_container_post\" value=\"0\" \/>\n<input type=\"hidden\" name=\"_wpcf7_posted_data_hash\" value=\"\" \/>\n<input type=\"hidden\" name=\"_wpcf7_recaptcha_response\" value=\"\" \/>\n<\/div>\n<div class=\"form_contact\">\n<div class=\"row\">\n<div class=\"col-lg-6 col-md-6 col-sm-12\">\n<div class=\"form-group\">\n                <span class=\"wpcf7-form-control-wrap\" data-name=\"your-name\"><input type=\"text\" name=\"your-name\" value=\"\" size=\"40\" class=\"wpcf7-form-control wpcf7-text wpcf7-validates-as-required\" aria-required=\"true\" aria-invalid=\"false\" placeholder=\"Name*\" \/><\/span>\n            <\/div>\n<\/div>\n<div class=\"col-lg-6 col-md-6 col-sm-12\">\n<div class=\"form-group\">\n                <span class=\"wpcf7-form-control-wrap\" data-name=\"your-email\"><input type=\"email\" name=\"your-email\" value=\"\" size=\"40\" class=\"wpcf7-form-control wpcf7-text wpcf7-email wpcf7-validates-as-required wpcf7-validates-as-email\" aria-required=\"true\" aria-invalid=\"false\" placeholder=\"Email*\" \/><\/span>\n            <\/div>\n<\/div>\n<div class=\"col-lg-6 col-md-6 col-sm-12\">\n<div class=\"form-group\">\n                <span class=\"wpcf7-form-control-wrap\" data-name=\"your-number\"><input type=\"tel\" name=\"your-number\" value=\"\" size=\"40\" class=\"wpcf7-form-control wpcf7-text wpcf7-tel wpcf7-validates-as-required wpcf7-validates-as-tel\" aria-required=\"true\" aria-invalid=\"false\" placeholder=\"Tel.*\" \/><\/span>\n            <\/div>\n<\/div>\n<div class=\"col-lg-6 col-md-6 col-sm-12\">\n<div class=\"form-group\">\n                <span class=\"wpcf7-form-control-wrap\" data-name=\"your-city\"><input type=\"text\" name=\"your-city\" value=\"\" size=\"40\" class=\"wpcf7-form-control wpcf7-text wpcf7-validates-as-required\" aria-required=\"true\" aria-invalid=\"false\" placeholder=\"Location*\" \/><\/span>\n            <\/div>\n<\/div>\n<div class=\"col-lg-6 col-md-6 col-sm-12\">\n<div class=\"form-group\">\n                <span class=\"wpcf7-form-control-wrap\" data-name=\"your-street\"><input type=\"text\" name=\"your-street\" value=\"\" size=\"40\" class=\"wpcf7-form-control wpcf7-text wpcf7-validates-as-required\" aria-required=\"true\" aria-invalid=\"false\" placeholder=\"Street*\" \/><\/span>\n            <\/div>\n<\/div>\n<div class=\"col-lg-6 col-md-6 col-sm-12\">\n<div class=\"form-group\">\n                <span class=\"wpcf7-form-control-wrap\" data-name=\"your-zip\"><input type=\"text\" name=\"your-zip\" value=\"\" size=\"40\" class=\"wpcf7-form-control wpcf7-text wpcf7-validates-as-required\" aria-required=\"true\" aria-invalid=\"false\" placeholder=\"Postcode*\" \/><\/span>\n            <\/div>\n<\/div>\n<div class=\"col-lg-12 col-md-12 col-sm-12\">\n<div class=\"form-group\">\n                <span class=\"wpcf7-form-control-wrap\" data-name=\"your-message\"><textarea name=\"your-message\" cols=\"40\" rows=\"10\" class=\"wpcf7-form-control wpcf7-textarea wpcf7-validates-as-required\" aria-required=\"true\" aria-invalid=\"false\" placeholder=\"Your Message*\"><\/textarea><\/span>\n            <\/div>\n<\/div>\n<div class=\"col-lg-12 col-md-12 col-sm-12\" style=\"margin-bottom: 16px;\">\nAdd attachment: <span class=\"wpcf7-form-control-wrap\" data-name=\"upload1\"><input type=\"file\" size=\"40\" class=\"wpcf7-form-control wpcf7-drag-n-drop-file d-none\" aria-invalid=\"false\" multiple=\"multiple\" data-name=\"upload1\" data-type=\"jpeg|png|jpg|gif|ai|pdf|cdr|eps|svg|docx|txt|doc|xls|xlsx\" data-limit=\"16000000\" data-max=\"5\" data-id=\"2214\" data-version=\"free version 1.3.9.1\" accept=\".jpeg, .png, .jpg, .gif, .ai, .pdf, .cdr, .eps, .svg, .docx, .txt, .doc, .xls, .xlsx\" \/><\/span>\n <\/div>\n<div class=\"col-lg-8 col-md-8 col-sm-12\">\n           <span class=\"wpcf7-form-control-wrap\" data-name=\"acceptance\"><span class=\"wpcf7-form-control wpcf7-acceptance optional\"><span class=\"wpcf7-list-item\"><label><input type=\"checkbox\" name=\"acceptance\" value=\"1\" aria-invalid=\"false\" \/><span class=\"wpcf7-list-item-label\">I agree with the processing of personal data.<\/span><\/label><\/span><\/span><\/span>\n        <\/div>\n<p><br\/><\/p>\n<div class=\"col-lg-4 col-md-4 col-sm-12\">\n<div class=\"form-group mg_top apbtn\">\n                <input type=\"submit\" value=\"Send\" class=\"wpcf7-form-control has-spinner wpcf7-submit theme_btn\" \/>\n            <\/div>\n<\/div>\n<\/div>\n<\/div>\n<div class=\"wpcf7-response-output\" aria-hidden=\"true\"><\/div><\/form><\/div>[\/vc_column][\/vc_row][vc_row css=&#8221;.vc_custom_1633077378576{padding-top: 64px !important;padding-right: 15px !important;padding-bottom: 64px !important;padding-left: 15px !important;}&#8221;][vc_column]\n<div class=\"address address_type_two\">\n   \n   <div class=\"addres_box \" style=\"background:url(https:\/\/greenwork.sk\/wp-content\/uploads\/2020\/01\/address-box-contact.jpg)\">\n      \t\n      <div class=\"row\">\n          \n         <div class=\"col-lg-4 col-md-6 col-sm-12 col-xs-12 box_outer\">\n            <div class=\"address_inner side\">\n               <div class=\"heading_add clearfix\">\n                  <span class=\"icon-time-call\"><\/span>\n                  <h2>Call us<\/h2>\n               <\/div>\n               <p>+421 915 515 018<br><\/p>\n            <\/div>\n         <\/div>\n          \n         <div class=\"col-lg-4 col-md-6 col-sm-12 col-xs-12 box_outer\">\n            <div class=\"address_inner side\">\n               <div class=\"heading_add clearfix\">\n                  <span class=\"icon-place1\"><\/span>\n                  <h2>Green work s.r.o.<\/h2>\n               <\/div>\n               <p>Service:<br\/>\nRo\u013en\u00edcke Dru\u017estvo, 93526 Star\u00fd Tekov<br\/>\n<br\/>\nRegistered office: <br\/>\nDlh\u00e1 60\/2, 935 21 Tlma\u010de<\/p>\n            <\/div>\n         <\/div>\n          \n         <div class=\"col-lg-4 col-md-6 col-sm-12 col-xs-12 box_outer\">\n            <div class=\"address_inner side\">\n               <div class=\"heading_add clearfix\">\n                  <span class=\"icon-email\"><\/span>\n                  <h2>Send us an email<\/h2>\n               <\/div>\n               <p>kontakt@greenwok.sk <br>\n                              <\/p>\n            <\/div>\n         <\/div>\n         \t\n      <\/div>\n   <\/div>\n<\/div>\n[vc_empty_space][vc_column_text]<\/p>\n<p style=\"text-align: center;\">Spolo\u010dnos\u0165 je zap\u00edsan\u00e1 v Obchodnom registri Okresn\u00e9ho s\u00fadu Nitra, oddiel: Sro, vlo\u017eka \u010d. 54910\/N<\/p>\n<p>[\/vc_column_text][\/vc_column][\/vc_row]<\/p>\n","protected":false},"excerpt":{"rendered":"<p>[vc_row css=&#8221;.vc_custom_1633086662229{margin-top: 0px !important;padding-top: 50px !important;padding-right: 15px !important;padding-bottom: 50px !important;padding-left: 15px !important;background-image: url(https:\/\/greenwork.sk\/wp-content\/uploads\/2021\/10\/service-02-bg-1.jpg?id=1718) !important;}&#8221;][vc_column][vc_column_text css=&#8221;.vc_custom_1634560556528{margin-bottom: 32px !important;}&#8221;]We are pleased that you have expressed an interest in our services. We would like to inform you that we determine the price offer only on the basis of a completed personal inspection of the building \/ land \/ area. The amount of the&hellip;<\/p>\n","protected":false},"author":2,"featured_media":0,"parent":0,"menu_order":0,"comment_status":"closed","ping_status":"closed","template":"template-fullwidth.php","meta":[],"_links":{"self":[{"href":"https:\/\/greenwork.sk\/en\/wp-json\/wp\/v2\/pages\/1976"}],"collection":[{"href":"https:\/\/greenwork.sk\/en\/wp-json\/wp\/v2\/pages"}],"about":[{"href":"https:\/\/greenwork.sk\/en\/wp-json\/wp\/v2\/types\/page"}],"author":[{"embeddable":true,"href":"https:\/\/greenwork.sk\/en\/wp-json\/wp\/v2\/users\/2"}],"replies":[{"embeddable":true,"href":"https:\/\/greenwork.sk\/en\/wp-json\/wp\/v2\/comments?post=1976"}],"version-history":[{"count":5,"href":"https:\/\/greenwork.sk\/en\/wp-json\/wp\/v2\/pages\/1976\/revisions"}],"predecessor-version":[{"id":2217,"href":"https:\/\/greenwork.sk\/en\/wp-json\/wp\/v2\/pages\/1976\/revisions\/2217"}],"wp:attachment":[{"href":"https:\/\/greenwork.sk\/en\/wp-json\/wp\/v2\/media?parent=1976"}],"curies":[{"name":"wp","href":"https:\/\/api.w.org\/{rel}","templated":true}]}}